{"id":592,"date":"2025-07-25T07:11:39","date_gmt":"2025-07-25T07:11:39","guid":{"rendered":"https:\/\/mtc.gestor.com.es\/?post_type=product&#038;p=592"},"modified":"2025-07-28T10:12:27","modified_gmt":"2025-07-28T10:12:27","slug":"ventana-de-aluminio-con-rotura-de-puente-termico-modelo-x","status":"publish","type":"product","link":"https:\/\/mtc.gestor.com.es\/index.php\/producto\/ventana-de-aluminio-con-rotura-de-puente-termico-modelo-x\/","title":{"rendered":"Ventana de aluminio con rotura de puente t\u00e9rmico &#8211; Modelo X"},"content":{"rendered":"<p>El modelo X de ventana de aluminio con rotura de puente t\u00e9rmico est\u00e1 dise\u00f1ado para mejorar el aislamiento t\u00e9rmico y ac\u00fastico de tu vivienda. Fabricado con materiales de alta eficiencia, permite reducir el consumo energ\u00e9tico, mejorar el confort interior y aumentar la durabilidad frente a condiciones clim\u00e1ticas extremas.<\/p>\n<p data-start=\"1021\" data-end=\"1055\"><strong data-start=\"1021\" data-end=\"1053\">Caracter\u00edsticas principales:<\/strong><\/p>\n<ul data-start=\"1056\" data-end=\"1299\">\n<li data-start=\"1056\" data-end=\"1114\">\n<p data-start=\"1058\" data-end=\"1114\">Perfiler\u00eda de aluminio de alta gama con rotura t\u00e9rmica<\/p>\n<\/li>\n<li data-start=\"1115\" data-end=\"1147\">\n<p data-start=\"1117\" data-end=\"1147\">Dise\u00f1o moderno y minimalista<\/p>\n<\/li>\n<li data-start=\"1148\" data-end=\"1183\">\n<p data-start=\"1150\" data-end=\"1183\">Vidrio doble con c\u00e1mara de aire<\/p>\n<\/li>\n<li data-start=\"1184\" data-end=\"1217\">\n<p data-start=\"1186\" data-end=\"1217\">Aislamiento ac\u00fastico mejorado<\/p>\n<\/li>\n<li data-start=\"1218\" data-end=\"1252\">\n<p data-start=\"1220\" data-end=\"1252\">Cierre multipunto de seguridad<\/p>\n<\/li>\n<li data-start=\"1253\" data-end=\"1299\">\n<p data-start=\"1255\" data-end=\"1299\">Opci\u00f3n de apertura oscilobatiente o abatible<\/p>\n<\/li>\n<\/ul>\n","protected":false},"excerpt":{"rendered":"<p>El modelo X de ventana de aluminio con rotura de puente t\u00e9rmico est\u00e1 dise\u00f1ado para mejorar el aislamiento t\u00e9rmico y ac\u00fastico de tu vivienda. Fabricado con materiales de alta eficiencia, permite reducir el consumo energ\u00e9tico, mejorar el confort interior y aumentar la durabilidad frente a condiciones clim\u00e1ticas extremas. Caracter\u00edsticas principales: Perfiler\u00eda de aluminio de alta [&hellip;]<\/p>\n","protected":false},"featured_media":317,"comment_status":"closed","ping_status":"closed","template":"","meta":[],"product_brand":[],"product_cat":[25],"product_tag":[],"class_list":{"0":"post-592","1":"product","2":"type-product","3":"status-publish","4":"has-post-thumbnail","6":"product_cat-oferta","8":"first","9":"instock","10":"sale","11":"shipping-taxable","12":"purchasable","13":"product-type-simple"},"_links":{"self":[{"href":"https:\/\/mtc.gestor.com.es\/index.php\/wp-json\/wp\/v2\/product\/592","targetHints":{"allow":["GET"]}}],"collection":[{"href":"https:\/\/mtc.gestor.com.es\/index.php\/wp-json\/wp\/v2\/product"}],"about":[{"href":"https:\/\/mtc.gestor.com.es\/index.php\/wp-json\/wp\/v2\/types\/product"}],"replies":[{"embeddable":true,"href":"https:\/\/mtc.gestor.com.es\/index.php\/wp-json\/wp\/v2\/comments?post=592"}],"wp:featuredmedia":[{"embeddable":true,"href":"https:\/\/mtc.gestor.com.es\/index.php\/wp-json\/wp\/v2\/media\/317"}],"wp:attachment":[{"href":"https:\/\/mtc.gestor.com.es\/index.php\/wp-json\/wp\/v2\/media?parent=592"}],"wp:term":[{"taxonomy":"product_brand","embeddable":true,"href":"https:\/\/mtc.gestor.com.es\/index.php\/wp-json\/wp\/v2\/product_brand?post=592"},{"taxonomy":"product_cat","embeddable":true,"href":"https:\/\/mtc.gestor.com.es\/index.php\/wp-json\/wp\/v2\/product_cat?post=592"},{"taxonomy":"product_tag","embeddable":true,"href":"https:\/\/mtc.gestor.com.es\/index.php\/wp-json\/wp\/v2\/product_tag?post=592"}],"curies":[{"name":"wp","href":"https:\/\/api.w.org\/{rel}","templated":true}]}}